{"id":1863,"date":"2024-01-29T18:33:55","date_gmt":"2024-01-29T17:33:55","guid":{"rendered":"https:\/\/aniawood.fr\/?post_type=product&#038;p=1863"},"modified":"2024-02-01T19:19:32","modified_gmt":"2024-02-01T18:19:32","slug":"pizza-parisienne","status":"publish","type":"product","link":"https:\/\/aniawood.fr\/index.php\/product\/pizza-parisienne\/","title":{"rendered":"Pizza parisienne"},"content":{"rendered":"<p><strong>Pizza\u00a0 parisienne :<\/strong> Cr\u00e8me fraiche, Mozzarella, viande hach\u00e9, champignons, lardons et \u0153uf<\/p>\n","protected":false},"excerpt":{"rendered":"<p><strong>Pizza\u00a0 parisienne :<\/strong> Cr\u00e8me fraiche, Mozzarella, viande hach\u00e9, champignons, lardons et \u0153uf<\/p>\n","protected":false},"featured_media":1864,"comment_status":"open","ping_status":"closed","template":"","meta":[],"product_brand":[],"product_cat":[32],"product_tag":[63,38,36],"class_list":{"0":"post-1863","1":"product","2":"type-product","3":"status-publish","4":"has-post-thumbnail","6":"product_cat-pizza","7":"product_tag-creme-fraiche","8":"product_tag-hot","9":"product_tag-pizza","11":"first","12":"instock","13":"shipping-taxable","14":"purchasable","15":"product-type-simple"},"_links":{"self":[{"href":"https:\/\/aniawood.fr\/index.php\/wp-json\/wp\/v2\/product\/1863","targetHints":{"allow":["GET"]}}],"collection":[{"href":"https:\/\/aniawood.fr\/index.php\/wp-json\/wp\/v2\/product"}],"about":[{"href":"https:\/\/aniawood.fr\/index.php\/wp-json\/wp\/v2\/types\/product"}],"replies":[{"embeddable":true,"href":"https:\/\/aniawood.fr\/index.php\/wp-json\/wp\/v2\/comments?post=1863"}],"wp:featuredmedia":[{"embeddable":true,"href":"https:\/\/aniawood.fr\/index.php\/wp-json\/wp\/v2\/media\/1864"}],"wp:attachment":[{"href":"https:\/\/aniawood.fr\/index.php\/wp-json\/wp\/v2\/media?parent=1863"}],"wp:term":[{"taxonomy":"product_brand","embeddable":true,"href":"https:\/\/aniawood.fr\/index.php\/wp-json\/wp\/v2\/product_brand?post=1863"},{"taxonomy":"product_cat","embeddable":true,"href":"https:\/\/aniawood.fr\/index.php\/wp-json\/wp\/v2\/product_cat?post=1863"},{"taxonomy":"product_tag","embeddable":true,"href":"https:\/\/aniawood.fr\/index.php\/wp-json\/wp\/v2\/product_tag?post=1863"}],"curies":[{"name":"wp","href":"https:\/\/api.w.org\/{rel}","templated":true}]}}